{"id":302,"date":"2017-08-25T15:35:33","date_gmt":"2017-08-25T12:35:33","guid":{"rendered":"http:\/\/moser:8888\/moser-tribox\/"},"modified":"2018-03-01T12:59:22","modified_gmt":"2018-03-01T09:59:22","slug":"moser-tribox","status":"publish","type":"page","link":"https:\/\/moser-fahrzeugbau.swiss\/fr\/moser-tribox\/","title":{"rendered":"MOSER TRIBOX"},"content":{"rendered":"<p>La MOSER TRIBOX, avec fonction tri-benne, assure avec facilit\u00e9 les multiples t\u00e2ches de transport. Un syst\u00e8me de profil\u00e9s en aluminium enti\u00e8rement nouveau (MAP) a \u00e9t\u00e9 d\u00e9velopp\u00e9 pour cela. Il est utilis\u00e9 pour les ridelles lat\u00e9rales et la ridelle arri\u00e8re.\u00a0La construction hybride unique permet de combiner des \u00e9l\u00e9ments en acier et en aluminium.<\/p>\n","protected":false},"excerpt":{"rendered":"<p>La MOSER TRIBOX, avec fonction tri-benne, assure avec facilit\u00e9 les multiples t\u00e2ches de transport. Un syst\u00e8me de profil\u00e9s en aluminium enti\u00e8rement nouveau (MAP) a \u00e9t\u00e9 d\u00e9velopp\u00e9 pour cela. Il est utilis\u00e9 pour les ridelles lat\u00e9rales et la ridelle arri\u00e8re.\u00a0La construction hybride unique permet de combiner des \u00e9l\u00e9ments en acier et en aluminium.<\/p>\n","protected":false},"author":1,"featured_media":0,"parent":0,"menu_order":0,"comment_status":"closed","ping_status":"closed","template":"page-templates\/product.php","meta":{"inline_featured_image":false,"footnotes":""},"class_list":["post-302","page","type-page","status-publish","hentry"],"acf":[],"yoast_head":"<!-- This site is optimized with the Yoast SEO plugin v27.2 - https:\/\/yoast.com\/product\/yoast-seo-wordpress\/ -->\n<title>MOSER TRIBOX &#8211; Moser<\/title>\n<meta name=\"robots\" content=\"index, follow, max-snippet:-1, max-image-preview:large, max-video-preview:-1\" \/>\n<link rel=\"canonical\" href=\"https:\/\/moser.swiss\/fr\/moser-tribox\/\" \/>\n<meta property=\"og:locale\" content=\"fr_FR\" \/>\n<meta property=\"og:type\" content=\"article\" \/>\n<meta property=\"og:title\" content=\"MOSER TRIBOX &#8211; Moser\" \/>\n<meta property=\"og:description\" content=\"La MOSER TRIBOX, avec fonction tri-benne, assure avec facilit\u00e9 les multiples t\u00e2ches de transport. Un syst\u00e8me de profil\u00e9s en aluminium enti\u00e8rement nouveau (MAP) a \u00e9t\u00e9 d\u00e9velopp\u00e9 pour cela. Il est utilis\u00e9 pour les ridelles lat\u00e9rales et la ridelle arri\u00e8re.\u00a0La construction hybride unique permet de combiner des \u00e9l\u00e9ments en acier et en aluminium.\" \/>\n<meta property=\"og:url\" content=\"https:\/\/moser.swiss\/fr\/moser-tribox\/\" \/>\n<meta property=\"og:site_name\" content=\"Moser\" \/>\n<meta property=\"article:modified_time\" content=\"2018-03-01T09:59:22+00:00\" \/>\n<meta name=\"twitter:card\" content=\"summary_large_image\" \/>\n<script type=\"application\/ld+json\" class=\"yoast-schema-graph\">{\"@context\":\"https:\/\/schema.org\",\"@graph\":[{\"@type\":\"WebPage\",\"@id\":\"https:\/\/moser.swiss\/fr\/moser-tribox\/\",\"url\":\"https:\/\/moser.swiss\/fr\/moser-tribox\/\",\"name\":\"MOSER TRIBOX &#8211; Moser\",\"isPartOf\":{\"@id\":\"https:\/\/moser.swiss\/#website\"},\"datePublished\":\"2017-08-25T12:35:33+00:00\",\"dateModified\":\"2018-03-01T09:59:22+00:00\",\"breadcrumb\":{\"@id\":\"https:\/\/moser.swiss\/fr\/moser-tribox\/#breadcrumb\"},\"inLanguage\":\"fr-FR\",\"potentialAction\":[{\"@type\":\"ReadAction\",\"target\":[\"https:\/\/moser.swiss\/fr\/moser-tribox\/\"]}]},{\"@type\":\"BreadcrumbList\",\"@id\":\"https:\/\/moser.swiss\/fr\/moser-tribox\/#breadcrumb\",\"itemListElement\":[{\"@type\":\"ListItem\",\"position\":1,\"name\":\"\u0413\u043b\u0430\u0432\u043d\u0430\u044f \u0441\u0442\u0440\u0430\u043d\u0438\u0446\u0430\",\"item\":\"https:\/\/moser.swiss\/fr\/\"},{\"@type\":\"ListItem\",\"position\":2,\"name\":\"MOSER TRIBOX\"}]},{\"@type\":\"WebSite\",\"@id\":\"https:\/\/moser.swiss\/#website\",\"url\":\"https:\/\/moser.swiss\/\",\"name\":\"Moser\",\"description\":\"Toujours une charge d&#039;avance.\",\"potentialAction\":[{\"@type\":\"SearchAction\",\"target\":{\"@type\":\"EntryPoint\",\"urlTemplate\":\"https:\/\/moser.swiss\/?s={search_term_string}\"},\"query-input\":{\"@type\":\"PropertyValueSpecification\",\"valueRequired\":true,\"valueName\":\"search_term_string\"}}],\"inLanguage\":\"fr-FR\"}]}<\/script>\n<!-- \/ Yoast SEO plugin. -->","yoast_head_json":{"title":"MOSER TRIBOX &#8211; Moser","robots":{"index":"index","follow":"follow","max-snippet":"max-snippet:-1","max-image-preview":"max-image-preview:large","max-video-preview":"max-video-preview:-1"},"canonical":"https:\/\/moser.swiss\/fr\/moser-tribox\/","og_locale":"fr_FR","og_type":"article","og_title":"MOSER TRIBOX &#8211; Moser","og_description":"La MOSER TRIBOX, avec fonction tri-benne, assure avec facilit\u00e9 les multiples t\u00e2ches de transport. Un syst\u00e8me de profil\u00e9s en aluminium enti\u00e8rement nouveau (MAP) a \u00e9t\u00e9 d\u00e9velopp\u00e9 pour cela. Il est utilis\u00e9 pour les ridelles lat\u00e9rales et la ridelle arri\u00e8re.\u00a0La construction hybride unique permet de combiner des \u00e9l\u00e9ments en acier et en aluminium.","og_url":"https:\/\/moser.swiss\/fr\/moser-tribox\/","og_site_name":"Moser","article_modified_time":"2018-03-01T09:59:22+00:00","twitter_card":"summary_large_image","schema":{"@context":"https:\/\/schema.org","@graph":[{"@type":"WebPage","@id":"https:\/\/moser.swiss\/fr\/moser-tribox\/","url":"https:\/\/moser.swiss\/fr\/moser-tribox\/","name":"MOSER TRIBOX &#8211; Moser","isPartOf":{"@id":"https:\/\/moser.swiss\/#website"},"datePublished":"2017-08-25T12:35:33+00:00","dateModified":"2018-03-01T09:59:22+00:00","breadcrumb":{"@id":"https:\/\/moser.swiss\/fr\/moser-tribox\/#breadcrumb"},"inLanguage":"fr-FR","potentialAction":[{"@type":"ReadAction","target":["https:\/\/moser.swiss\/fr\/moser-tribox\/"]}]},{"@type":"BreadcrumbList","@id":"https:\/\/moser.swiss\/fr\/moser-tribox\/#breadcrumb","itemListElement":[{"@type":"ListItem","position":1,"name":"\u0413\u043b\u0430\u0432\u043d\u0430\u044f \u0441\u0442\u0440\u0430\u043d\u0438\u0446\u0430","item":"https:\/\/moser.swiss\/fr\/"},{"@type":"ListItem","position":2,"name":"MOSER TRIBOX"}]},{"@type":"WebSite","@id":"https:\/\/moser.swiss\/#website","url":"https:\/\/moser.swiss\/","name":"Moser","description":"Toujours une charge d&#039;avance.","potentialAction":[{"@type":"SearchAction","target":{"@type":"EntryPoint","urlTemplate":"https:\/\/moser.swiss\/?s={search_term_string}"},"query-input":{"@type":"PropertyValueSpecification","valueRequired":true,"valueName":"search_term_string"}}],"inLanguage":"fr-FR"}]}},"_links":{"self":[{"href":"https:\/\/moser-fahrzeugbau.swiss\/fr\/wp-json\/wp\/v2\/pages\/302","targetHints":{"allow":["GET"]}}],"collection":[{"href":"https:\/\/moser-fahrzeugbau.swiss\/fr\/wp-json\/wp\/v2\/pages"}],"about":[{"href":"https:\/\/moser-fahrzeugbau.swiss\/fr\/wp-json\/wp\/v2\/types\/page"}],"author":[{"embeddable":true,"href":"https:\/\/moser-fahrzeugbau.swiss\/fr\/wp-json\/wp\/v2\/users\/1"}],"replies":[{"embeddable":true,"href":"https:\/\/moser-fahrzeugbau.swiss\/fr\/wp-json\/wp\/v2\/comments?post=302"}],"version-history":[{"count":0,"href":"https:\/\/moser-fahrzeugbau.swiss\/fr\/wp-json\/wp\/v2\/pages\/302\/revisions"}],"wp:attachment":[{"href":"https:\/\/moser-fahrzeugbau.swiss\/fr\/wp-json\/wp\/v2\/media?parent=302"}],"curies":[{"name":"wp","href":"https:\/\/api.w.org\/{rel}","templated":true}]}}