{"id":301,"date":"2017-08-25T15:35:01","date_gmt":"2017-08-25T12:35:01","guid":{"rendered":"http:\/\/moser:8888\/moser-rockbox\/"},"modified":"2018-03-14T18:36:54","modified_gmt":"2018-03-14T15:36:54","slug":"moser-rockbox","status":"publish","type":"page","link":"https:\/\/moser-fahrzeugbau.swiss\/fr\/moser-rockbox\/","title":{"rendered":"MOSER ROCKBOX"},"content":{"rendered":"<p>D\u00e9velopp\u00e9e pour une efficacit\u00e9 de transport maximale, la MOSER ROCKBOX supporte aussi les charges lourdes. La ROCKBOX attire vraiment le regard par son design s\u00e9duisant. Elle repose sur une structure soud\u00e9e mixte moderne et allie ainsi une charge utile maximale \u00e0 une solidit\u00e9 \u00e9lev\u00e9e. Ces caract\u00e9ristiques font de la ROCKBOX l\u2019outil parfait pour r\u00e9pondre \u00e0 tous les besoins de transport sur le chantier.<\/p>\n","protected":false},"excerpt":{"rendered":"<p>D\u00e9velopp\u00e9e pour une efficacit\u00e9 de transport maximale, la MOSER ROCKBOX supporte aussi les charges lourdes. La ROCKBOX attire vraiment le regard par son design s\u00e9duisant. Elle repose sur une structure soud\u00e9e mixte moderne et allie ainsi une charge utile maximale \u00e0 une solidit\u00e9 \u00e9lev\u00e9e. Ces caract\u00e9ristiques font de la ROCKBOX l\u2019outil parfait pour r\u00e9pondre \u00e0 [&hellip;]<\/p>\n","protected":false},"author":1,"featured_media":0,"parent":0,"menu_order":1,"comment_status":"closed","ping_status":"closed","template":"page-templates\/product.php","meta":{"inline_featured_image":false,"footnotes":""},"class_list":["post-301","page","type-page","status-publish","hentry"],"acf":[],"yoast_head":"<!-- This site is optimized with the Yoast SEO plugin v27.2 - https:\/\/yoast.com\/product\/yoast-seo-wordpress\/ -->\n<title>MOSER ROCKBOX &#8211; Moser<\/title>\n<meta name=\"robots\" content=\"index, follow, max-snippet:-1, max-image-preview:large, max-video-preview:-1\" \/>\n<link rel=\"canonical\" href=\"https:\/\/www.moser-steffisburg.swiss\/fr\/moser-rockbox\/\" \/>\n<meta property=\"og:locale\" content=\"fr_FR\" \/>\n<meta property=\"og:type\" content=\"article\" \/>\n<meta property=\"og:title\" content=\"MOSER ROCKBOX &#8211; Moser\" \/>\n<meta property=\"og:description\" content=\"D\u00e9velopp\u00e9e pour une efficacit\u00e9 de transport maximale, la MOSER ROCKBOX supporte aussi les charges lourdes. La ROCKBOX attire vraiment le regard par son design s\u00e9duisant. Elle repose sur une structure soud\u00e9e mixte moderne et allie ainsi une charge utile maximale \u00e0 une solidit\u00e9 \u00e9lev\u00e9e. Ces caract\u00e9ristiques font de la ROCKBOX l\u2019outil parfait pour r\u00e9pondre \u00e0 [&hellip;]\" \/>\n<meta property=\"og:url\" content=\"https:\/\/www.moser-steffisburg.swiss\/fr\/moser-rockbox\/\" \/>\n<meta property=\"og:site_name\" content=\"Moser\" \/>\n<meta property=\"article:modified_time\" content=\"2018-03-14T15:36:54+00:00\" \/>\n<meta name=\"twitter:card\" content=\"summary_large_image\" \/>\n<script type=\"application\/ld+json\" class=\"yoast-schema-graph\">{\"@context\":\"https:\/\/schema.org\",\"@graph\":[{\"@type\":\"WebPage\",\"@id\":\"https:\/\/www.moser-steffisburg.swiss\/fr\/moser-rockbox\/\",\"url\":\"https:\/\/www.moser-steffisburg.swiss\/fr\/moser-rockbox\/\",\"name\":\"MOSER ROCKBOX &#8211; Moser\",\"isPartOf\":{\"@id\":\"https:\/\/moser.swiss\/#website\"},\"datePublished\":\"2017-08-25T12:35:01+00:00\",\"dateModified\":\"2018-03-14T15:36:54+00:00\",\"breadcrumb\":{\"@id\":\"https:\/\/www.moser-steffisburg.swiss\/fr\/moser-rockbox\/#breadcrumb\"},\"inLanguage\":\"fr-FR\",\"potentialAction\":[{\"@type\":\"ReadAction\",\"target\":[\"https:\/\/www.moser-steffisburg.swiss\/fr\/moser-rockbox\/\"]}]},{\"@type\":\"BreadcrumbList\",\"@id\":\"https:\/\/www.moser-steffisburg.swiss\/fr\/moser-rockbox\/#breadcrumb\",\"itemListElement\":[{\"@type\":\"ListItem\",\"position\":1,\"name\":\"\u0413\u043b\u0430\u0432\u043d\u0430\u044f \u0441\u0442\u0440\u0430\u043d\u0438\u0446\u0430\",\"item\":\"https:\/\/moser.swiss\/fr\/\"},{\"@type\":\"ListItem\",\"position\":2,\"name\":\"MOSER ROCKBOX\"}]},{\"@type\":\"WebSite\",\"@id\":\"https:\/\/moser.swiss\/#website\",\"url\":\"https:\/\/moser.swiss\/\",\"name\":\"Moser\",\"description\":\"Toujours une charge d&#039;avance.\",\"potentialAction\":[{\"@type\":\"SearchAction\",\"target\":{\"@type\":\"EntryPoint\",\"urlTemplate\":\"https:\/\/moser.swiss\/?s={search_term_string}\"},\"query-input\":{\"@type\":\"PropertyValueSpecification\",\"valueRequired\":true,\"valueName\":\"search_term_string\"}}],\"inLanguage\":\"fr-FR\"}]}<\/script>\n<!-- \/ Yoast SEO plugin. -->","yoast_head_json":{"title":"MOSER ROCKBOX &#8211; Moser","robots":{"index":"index","follow":"follow","max-snippet":"max-snippet:-1","max-image-preview":"max-image-preview:large","max-video-preview":"max-video-preview:-1"},"canonical":"https:\/\/www.moser-steffisburg.swiss\/fr\/moser-rockbox\/","og_locale":"fr_FR","og_type":"article","og_title":"MOSER ROCKBOX &#8211; Moser","og_description":"D\u00e9velopp\u00e9e pour une efficacit\u00e9 de transport maximale, la MOSER ROCKBOX supporte aussi les charges lourdes. La ROCKBOX attire vraiment le regard par son design s\u00e9duisant. Elle repose sur une structure soud\u00e9e mixte moderne et allie ainsi une charge utile maximale \u00e0 une solidit\u00e9 \u00e9lev\u00e9e. Ces caract\u00e9ristiques font de la ROCKBOX l\u2019outil parfait pour r\u00e9pondre \u00e0 [&hellip;]","og_url":"https:\/\/www.moser-steffisburg.swiss\/fr\/moser-rockbox\/","og_site_name":"Moser","article_modified_time":"2018-03-14T15:36:54+00:00","twitter_card":"summary_large_image","schema":{"@context":"https:\/\/schema.org","@graph":[{"@type":"WebPage","@id":"https:\/\/www.moser-steffisburg.swiss\/fr\/moser-rockbox\/","url":"https:\/\/www.moser-steffisburg.swiss\/fr\/moser-rockbox\/","name":"MOSER ROCKBOX &#8211; Moser","isPartOf":{"@id":"https:\/\/moser.swiss\/#website"},"datePublished":"2017-08-25T12:35:01+00:00","dateModified":"2018-03-14T15:36:54+00:00","breadcrumb":{"@id":"https:\/\/www.moser-steffisburg.swiss\/fr\/moser-rockbox\/#breadcrumb"},"inLanguage":"fr-FR","potentialAction":[{"@type":"ReadAction","target":["https:\/\/www.moser-steffisburg.swiss\/fr\/moser-rockbox\/"]}]},{"@type":"BreadcrumbList","@id":"https:\/\/www.moser-steffisburg.swiss\/fr\/moser-rockbox\/#breadcrumb","itemListElement":[{"@type":"ListItem","position":1,"name":"\u0413\u043b\u0430\u0432\u043d\u0430\u044f \u0441\u0442\u0440\u0430\u043d\u0438\u0446\u0430","item":"https:\/\/moser.swiss\/fr\/"},{"@type":"ListItem","position":2,"name":"MOSER ROCKBOX"}]},{"@type":"WebSite","@id":"https:\/\/moser.swiss\/#website","url":"https:\/\/moser.swiss\/","name":"Moser","description":"Toujours une charge d&#039;avance.","potentialAction":[{"@type":"SearchAction","target":{"@type":"EntryPoint","urlTemplate":"https:\/\/moser.swiss\/?s={search_term_string}"},"query-input":{"@type":"PropertyValueSpecification","valueRequired":true,"valueName":"search_term_string"}}],"inLanguage":"fr-FR"}]}},"_links":{"self":[{"href":"https:\/\/moser-fahrzeugbau.swiss\/fr\/wp-json\/wp\/v2\/pages\/301","targetHints":{"allow":["GET"]}}],"collection":[{"href":"https:\/\/moser-fahrzeugbau.swiss\/fr\/wp-json\/wp\/v2\/pages"}],"about":[{"href":"https:\/\/moser-fahrzeugbau.swiss\/fr\/wp-json\/wp\/v2\/types\/page"}],"author":[{"embeddable":true,"href":"https:\/\/moser-fahrzeugbau.swiss\/fr\/wp-json\/wp\/v2\/users\/1"}],"replies":[{"embeddable":true,"href":"https:\/\/moser-fahrzeugbau.swiss\/fr\/wp-json\/wp\/v2\/comments?post=301"}],"version-history":[{"count":0,"href":"https:\/\/moser-fahrzeugbau.swiss\/fr\/wp-json\/wp\/v2\/pages\/301\/revisions"}],"wp:attachment":[{"href":"https:\/\/moser-fahrzeugbau.swiss\/fr\/wp-json\/wp\/v2\/media?parent=301"}],"curies":[{"name":"wp","href":"https:\/\/api.w.org\/{rel}","templated":true}]}}