{"id":300,"date":"2017-08-25T15:35:54","date_gmt":"2017-08-25T12:35:54","guid":{"rendered":"http:\/\/moser:8888\/moser-peakbox\/"},"modified":"2018-02-27T10:56:42","modified_gmt":"2018-02-27T07:56:42","slug":"moser-peakbox","status":"publish","type":"page","link":"https:\/\/moser-fahrzeugbau.swiss\/fr\/moser-peakbox\/","title":{"rendered":"MOSER CONICBOX"},"content":{"rendered":"<p>La CONICBOX est fabriqu\u00e9e en acier \u00e0 haute r\u00e9sistance HARDOX 450. R\u00e9sultat : une meilleure r\u00e9sistance \u00e0 l\u2019usure en m\u00eame temps qu\u2019une charge utile plus \u00e9lev\u00e9e. Le point de basculement excentr\u00e9 abaisse la position du centre de gravit\u00e9 et am\u00e9liore la stabilit\u00e9 au basculement. La g\u00e9om\u00e9trie de basculement optimis\u00e9e facilite le transbordement de mat\u00e9riaux dans un dumper, une benne \u00e0 b\u00e9ton et un finisseur. La g\u00e9om\u00e9trie de sortie \u00e9labor\u00e9e permet un dosage optimal des quantit\u00e9s d\u00e9sir\u00e9es.<\/p>\n","protected":false},"excerpt":{"rendered":"<p>La CONICBOX est fabriqu\u00e9e en acier \u00e0 haute r\u00e9sistance HARDOX 450. R\u00e9sultat : une meilleure r\u00e9sistance \u00e0 l\u2019usure en m\u00eame temps qu\u2019une charge utile plus \u00e9lev\u00e9e. Le point de basculement excentr\u00e9 abaisse la position du centre de gravit\u00e9 et am\u00e9liore la stabilit\u00e9 au basculement. La g\u00e9om\u00e9trie de basculement optimis\u00e9e facilite le transbordement de mat\u00e9riaux dans [&hellip;]<\/p>\n","protected":false},"author":1,"featured_media":0,"parent":0,"menu_order":0,"comment_status":"closed","ping_status":"closed","template":"page-templates\/product.php","meta":{"inline_featured_image":false,"footnotes":""},"class_list":["post-300","page","type-page","status-publish","hentry"],"acf":[],"yoast_head":"<!-- This site is optimized with the Yoast SEO plugin v27.2 - https:\/\/yoast.com\/product\/yoast-seo-wordpress\/ -->\n<title>MOSER CONICBOX &#8211; Moser<\/title>\n<meta name=\"robots\" content=\"index, follow, max-snippet:-1, max-image-preview:large, max-video-preview:-1\" \/>\n<link rel=\"canonical\" href=\"https:\/\/www.moser-steffisburg.swiss\/fr\/moser-peakbox\/\" \/>\n<meta property=\"og:locale\" content=\"fr_FR\" \/>\n<meta property=\"og:type\" content=\"article\" \/>\n<meta property=\"og:title\" content=\"MOSER CONICBOX &#8211; Moser\" \/>\n<meta property=\"og:description\" content=\"La CONICBOX est fabriqu\u00e9e en acier \u00e0 haute r\u00e9sistance HARDOX 450. R\u00e9sultat : une meilleure r\u00e9sistance \u00e0 l\u2019usure en m\u00eame temps qu\u2019une charge utile plus \u00e9lev\u00e9e. Le point de basculement excentr\u00e9 abaisse la position du centre de gravit\u00e9 et am\u00e9liore la stabilit\u00e9 au basculement. La g\u00e9om\u00e9trie de basculement optimis\u00e9e facilite le transbordement de mat\u00e9riaux dans [&hellip;]\" \/>\n<meta property=\"og:url\" content=\"https:\/\/www.moser-steffisburg.swiss\/fr\/moser-peakbox\/\" \/>\n<meta property=\"og:site_name\" content=\"Moser\" \/>\n<meta property=\"article:modified_time\" content=\"2018-02-27T07:56:42+00:00\" \/>\n<meta name=\"twitter:card\" content=\"summary_large_image\" \/>\n<script type=\"application\/ld+json\" class=\"yoast-schema-graph\">{\"@context\":\"https:\/\/schema.org\",\"@graph\":[{\"@type\":\"WebPage\",\"@id\":\"https:\/\/www.moser-steffisburg.swiss\/fr\/moser-peakbox\/\",\"url\":\"https:\/\/www.moser-steffisburg.swiss\/fr\/moser-peakbox\/\",\"name\":\"MOSER CONICBOX &#8211; Moser\",\"isPartOf\":{\"@id\":\"https:\/\/moser.swiss\/#website\"},\"datePublished\":\"2017-08-25T12:35:54+00:00\",\"dateModified\":\"2018-02-27T07:56:42+00:00\",\"breadcrumb\":{\"@id\":\"https:\/\/www.moser-steffisburg.swiss\/fr\/moser-peakbox\/#breadcrumb\"},\"inLanguage\":\"fr-FR\",\"potentialAction\":[{\"@type\":\"ReadAction\",\"target\":[\"https:\/\/www.moser-steffisburg.swiss\/fr\/moser-peakbox\/\"]}]},{\"@type\":\"BreadcrumbList\",\"@id\":\"https:\/\/www.moser-steffisburg.swiss\/fr\/moser-peakbox\/#breadcrumb\",\"itemListElement\":[{\"@type\":\"ListItem\",\"position\":1,\"name\":\"\u0413\u043b\u0430\u0432\u043d\u0430\u044f \u0441\u0442\u0440\u0430\u043d\u0438\u0446\u0430\",\"item\":\"https:\/\/moser.swiss\/fr\/\"},{\"@type\":\"ListItem\",\"position\":2,\"name\":\"MOSER CONICBOX\"}]},{\"@type\":\"WebSite\",\"@id\":\"https:\/\/moser.swiss\/#website\",\"url\":\"https:\/\/moser.swiss\/\",\"name\":\"Moser\",\"description\":\"Toujours une charge d&#039;avance.\",\"potentialAction\":[{\"@type\":\"SearchAction\",\"target\":{\"@type\":\"EntryPoint\",\"urlTemplate\":\"https:\/\/moser.swiss\/?s={search_term_string}\"},\"query-input\":{\"@type\":\"PropertyValueSpecification\",\"valueRequired\":true,\"valueName\":\"search_term_string\"}}],\"inLanguage\":\"fr-FR\"}]}<\/script>\n<!-- \/ Yoast SEO plugin. -->","yoast_head_json":{"title":"MOSER CONICBOX &#8211; Moser","robots":{"index":"index","follow":"follow","max-snippet":"max-snippet:-1","max-image-preview":"max-image-preview:large","max-video-preview":"max-video-preview:-1"},"canonical":"https:\/\/www.moser-steffisburg.swiss\/fr\/moser-peakbox\/","og_locale":"fr_FR","og_type":"article","og_title":"MOSER CONICBOX &#8211; Moser","og_description":"La CONICBOX est fabriqu\u00e9e en acier \u00e0 haute r\u00e9sistance HARDOX 450. R\u00e9sultat : une meilleure r\u00e9sistance \u00e0 l\u2019usure en m\u00eame temps qu\u2019une charge utile plus \u00e9lev\u00e9e. Le point de basculement excentr\u00e9 abaisse la position du centre de gravit\u00e9 et am\u00e9liore la stabilit\u00e9 au basculement. La g\u00e9om\u00e9trie de basculement optimis\u00e9e facilite le transbordement de mat\u00e9riaux dans [&hellip;]","og_url":"https:\/\/www.moser-steffisburg.swiss\/fr\/moser-peakbox\/","og_site_name":"Moser","article_modified_time":"2018-02-27T07:56:42+00:00","twitter_card":"summary_large_image","schema":{"@context":"https:\/\/schema.org","@graph":[{"@type":"WebPage","@id":"https:\/\/www.moser-steffisburg.swiss\/fr\/moser-peakbox\/","url":"https:\/\/www.moser-steffisburg.swiss\/fr\/moser-peakbox\/","name":"MOSER CONICBOX &#8211; Moser","isPartOf":{"@id":"https:\/\/moser.swiss\/#website"},"datePublished":"2017-08-25T12:35:54+00:00","dateModified":"2018-02-27T07:56:42+00:00","breadcrumb":{"@id":"https:\/\/www.moser-steffisburg.swiss\/fr\/moser-peakbox\/#breadcrumb"},"inLanguage":"fr-FR","potentialAction":[{"@type":"ReadAction","target":["https:\/\/www.moser-steffisburg.swiss\/fr\/moser-peakbox\/"]}]},{"@type":"BreadcrumbList","@id":"https:\/\/www.moser-steffisburg.swiss\/fr\/moser-peakbox\/#breadcrumb","itemListElement":[{"@type":"ListItem","position":1,"name":"\u0413\u043b\u0430\u0432\u043d\u0430\u044f \u0441\u0442\u0440\u0430\u043d\u0438\u0446\u0430","item":"https:\/\/moser.swiss\/fr\/"},{"@type":"ListItem","position":2,"name":"MOSER CONICBOX"}]},{"@type":"WebSite","@id":"https:\/\/moser.swiss\/#website","url":"https:\/\/moser.swiss\/","name":"Moser","description":"Toujours une charge d&#039;avance.","potentialAction":[{"@type":"SearchAction","target":{"@type":"EntryPoint","urlTemplate":"https:\/\/moser.swiss\/?s={search_term_string}"},"query-input":{"@type":"PropertyValueSpecification","valueRequired":true,"valueName":"search_term_string"}}],"inLanguage":"fr-FR"}]}},"_links":{"self":[{"href":"https:\/\/moser-fahrzeugbau.swiss\/fr\/wp-json\/wp\/v2\/pages\/300","targetHints":{"allow":["GET"]}}],"collection":[{"href":"https:\/\/moser-fahrzeugbau.swiss\/fr\/wp-json\/wp\/v2\/pages"}],"about":[{"href":"https:\/\/moser-fahrzeugbau.swiss\/fr\/wp-json\/wp\/v2\/types\/page"}],"author":[{"embeddable":true,"href":"https:\/\/moser-fahrzeugbau.swiss\/fr\/wp-json\/wp\/v2\/users\/1"}],"replies":[{"embeddable":true,"href":"https:\/\/moser-fahrzeugbau.swiss\/fr\/wp-json\/wp\/v2\/comments?post=300"}],"version-history":[{"count":0,"href":"https:\/\/moser-fahrzeugbau.swiss\/fr\/wp-json\/wp\/v2\/pages\/300\/revisions"}],"wp:attachment":[{"href":"https:\/\/moser-fahrzeugbau.swiss\/fr\/wp-json\/wp\/v2\/media?parent=300"}],"curies":[{"name":"wp","href":"https:\/\/api.w.org\/{rel}","templated":true}]}}